{"id":2153,"date":"2011-10-25T13:20:51","date_gmt":"2011-10-25T12:20:51","guid":{"rendered":"https:\/\/labyrinthiques.fr\/?page_id=2153"},"modified":"2015-06-30T11:06:23","modified_gmt":"2015-06-30T09:06:23","slug":"autres-horizons","status":"publish","type":"page","link":"https:\/\/labyrinthiques.fr\/?page_id=2153","title":{"rendered":"Autres horizons&#8230;"},"content":{"rendered":"<div class=\"bloc_flottant\" style=\"width:230px; float:left; \" >\n<h3>&#8230;autour de la lecture et de l&rsquo;\u00e9criture<\/h3>\n<ul>\n<li style=\"text-align: justify;\"><a href=\"http:\/\/vasescommunicantsliste.wordpress.com\/\">Le rendez-vous des vases communicants<\/a><br \/>\nLe 1er vendredi du mois, chacun change et \u00e9change leurs lieux d&rsquo;\u00e9criture, leurs blogs, leur bacs \u00e0 sable&#8230; et comme rien ne se perd et que tout communique cela s&rsquo;appelle les vases communicants.<\/li>\n<li style=\"text-align: justify;\"><a title=\"Le blog d\u2019une lectrice passionn\u00e9e, crois\u00e9e par hasard dans les couloirs de Babelio\u2026 Un de mes pr\u00e9f\u00e9r\u00e9s dans le genre !\" href=\"http:\/\/www.delitteris.com\" target=\"_blank\">De litteris<br \/>\n<\/a>Le blog d\u2019une lectrice passionn\u00e9e : on y lit des critiques pertinentes, des lectures enjou\u00e9es et on y d\u00e9fend une vision de l&rsquo;\u00e9dition et du monde litt\u00e9raire.<\/li>\n<li style=\"text-align: justify;\"><a title=\"Le monde litt\u00e9raire pass\u00e9 \u00e0 la moulinette : beaucoup de lectures et une r\u00e9flexion en fil rouge sur le plagiat, les n\u00e8gres litt\u00e9raires\u2026\" href=\"http:\/\/www.lalettrine.com\/\" target=\"_blank\">La Lettrine<br \/>\n<\/a>Le monde litt\u00e9raire pass\u00e9 \u00e0 la moulinette : beaucoup de lectures et une r\u00e9flexion en fil rouge sur le plagiat, les n\u00e8gres litt\u00e9raires\u2026<\/li>\n<li style=\"text-align: justify;\"><a title=\"Des livres, de la lecture, des biblioth\u00e8ques, \u00ab\u00a0une certaine vision de la litt\u00e9rature et des m\u00e9tiers du livre\u00a0\u00bb, de la l\u00e9g\u00e8ret\u00e9, voil\u00e0 ce qui caract\u00e9rise ce blog\u2026\" href=\"http:\/\/lepandemoniumlitteraire.blogspot.com\/\" target=\"_blank\">Le pand\u00e9monium litt\u00e9raire<br \/>\n<\/a>Des livres, de la lecture, des biblioth\u00e8ques, \u00ab\u00a0une certaine vision de la litt\u00e9rature et des m\u00e9tiers du livre\u00a0\u00bb, de la l\u00e9g\u00e8ret\u00e9\u2026<\/li>\n<li style=\"text-align: justify;\"><a href=\"http:\/\/www.gadinsetboutsdeficelles.net\/\">Gadins et bouts de ficelles<\/a><br \/>\nL&rsquo;espace d&rsquo;\u00e9criture d&rsquo;Ang\u00e8le Casanova pour \u00ab <em>Dire le monde tel qu\u2019il est. M\u00eame si \u00e7a fait mal. Plonger la t\u00eate sous l\u2019eau. Jusqu\u2019\u00e0 se noyer. Se foutre des beignes. Histoire de ne pas oublier. Que le monde est tel qu\u2019il est.<\/em> \u00bb<\/li>\n<\/ul>\n<\/div>\n<div class=\"bloc_flottant\" style=\"width:230px; float:left; \" >\n<h3>&#8230;sur la po\u00e9sie<\/h3>\n<ul>\n<li style=\"text-align: justify;\"><a href=\"http:\/\/deborahheissler.blogspot.fr\/\" target=\"_blank\">Carnets et notes pour un avant-texte<\/a><br \/>\nLe blog de D\u00e9borah Heissler : po\u00e9sie, litt\u00e9rature et photographie.<\/li>\n<li style=\"text-align: justify;\"><a href=\"http:\/\/www.cequireste.fr\/\" target=\"_blank\">Ce qui reste&#8230;<\/a><br \/>\nCe qui reste, quand on ferme les yeux\u2026 persistance r\u00e9tinienne de la cr\u00e9ation litt\u00e9raire comme artistique\u2026 la vue\u00a0 grav\u00e9e dans l\u2019esprit ; vue \u00e9crite dans la langue du quotidien, de la vie, du vivre, du r\u00e9el \u2013 avec ses \u00e9vidences et outrances, ses d\u00e9fauts et qualit\u00e9s, ses banalit\u00e9s et incongruit\u00e9s, et m\u00eame ses v\u00e9rit\u00e9s comme ses mensonges. Revue\u00a0en ligne cr\u00e9e par Vincent Motard-Avargues que je dirige depuis mars 2015.<\/li>\n<li style=\"text-align: justify;\"><a title=\"Le blog de Lysiane Rakotoson, jeune po\u00e9tesse ayant obtenu le prix de La vocation (2011) avec \u00ab\u00a0Une neige et des baisers exacts\u00a0\u00bb : des lectures,  des r\u00e9flexions sur la po\u00e9sie\u2026\" href=\"http:\/\/lysiane-rakotoson.squarespace.com\" target=\"_blank\">Le diffuseur po\u00e9tique<\/a><br \/>\nLe blog de Lysiane Rakotoson, jeune po\u00e9tesse ayant obtenu le prix de La vocation (2011) avec \u00ab\u00a0Une neige et des baisers exacts\u00a0\u00bb : des lectures, des r\u00e9flexions sur la po\u00e9sie\u2026<\/li>\n<li style=\"text-align: justify;\"><a title=\"Le blog d\u2019un po\u00e8te, Alain Freixe, qui nous parle de la po\u00e9sie en g\u00e9n\u00e9ral\" href=\"http:\/\/lapoesieetsesentours.blogspirit.com\/\" target=\"_blank\">P\/o\u00e9sie<\/a><br \/>\nLe blog d\u2019un po\u00e8te, Alain Freixe, qui nous parle de la po\u00e9sie en g\u00e9n\u00e9ral.<\/li>\n<li style=\"text-align: justify;\"><a title=\"Le journal permanent de la po\u00e9sie\u2026 Je ne passe pas une semaine sans en butiner le nectar : beaucoup d\u2019extraits, de biographies, une mine d\u2019or de la po\u00e9sie actuelle\" href=\"http:\/\/poezibao.typepad.com\" target=\"_blank\">Poezibao<\/a><br \/>\nLe journal permanent de la po\u00e9sie\u2026 Je ne passe pas une semaine sans en butiner le nectar : beaucoup d\u2019extraits, de biographies, une mine d\u2019or de la po\u00e9sie actuelle.<\/li>\n<li style=\"text-align: justify;\"><a href=\"http:\/\/www.terreaciel.net\/\" target=\"_blank\">Terre \u00e0 ciel<\/a><br \/>\nRevue de po\u00e9sie dirig\u00e9e par C\u00e9cile Guivarch.<\/li>\n<li style=\"text-align: justify;\"><a href=\"http:\/\/terresdefemmes.blogs.com\">Terre de Femmes<\/a><br \/>\nLa revue de po\u00e9sie &amp; critique d&rsquo;Ang\u00e8le Paoli.<\/li>\n<\/ul>\n<\/div>\n<div class=\"bloc_flottant\" style=\"width:230px; float:left; \" >\n<h3>&#8230;sur l&rsquo;art<\/h3>\n<ul>\n<li style=\"text-align: justify;\"><a title=\"Blog du photographe Bernard Bris\u00e9\" href=\"http:\/\/www.bernardbrise.com\" target=\"_blank\">Bernard Bris\u00e9<\/a><br \/>\nBlog du photographe et ami Bernard Bris\u00e9.<\/li>\n<li style=\"text-align: justify;\"><a href=\"http:\/\/toffer.canalblog.com\/\" target=\"_blank\">Christophe Mass\u00e9<\/a><br \/>\nCr\u00e9ateur de cr\u00e9ations, instigateur d&rsquo;art et r\u00e9volutionnaire.<\/li>\n<li style=\"text-align: justify;\"><a title=\"Le blog de mon ami, graveur, peintre et joueur d\u2019\u00e9chec, et j\u2019en passe, j\u2019ai nomm\u00e9 Fran\u00e7ois Robert. Vous trouverez dans ce blog, les projets pass\u00e9s et \u00e0 venir de ce cr\u00e9ateur.\" href=\"http:\/\/www.frobert.fr\" target=\"_blank\">Fran\u00e7ois Robert<\/a><br \/>\nLe blog de mon ami, graveur, peintre et joueur d\u2019\u00e9chec, et j\u2019en passe, j\u2019ai nomm\u00e9 Fran\u00e7ois Robert. Vous trouverez dans ce blog, les projets pass\u00e9s et \u00e0 venir de ce cr\u00e9ateur.<\/li>\n<li style=\"text-align: justify;\"><a title=\"Olivier, graveur et preneur de son, propose un univers personnel \u00e0 travers ses gravures\" href=\"http:\/\/carresdol.over-blog.com\/\" target=\"_blank\">Olivier Boivinet<\/a><br \/>\nOlivier, graveur et preneur de son, propose un univers personnel \u00e0 travers ses gravures.<\/li>\n<li style=\"text-align: justify;\"><a title=\"Le site d\u2019une association d\u2019artistes dont je fais partie\u2026\" href=\"http:\/\/www.stenope.org\" target=\"_blank\"> St\u00e9nop\u00e9<\/a><br \/>\nLe site d\u2019une association d\u2019artistes dont je fais partie\u2026<\/li>\n<\/ul>\n<\/div>\n<hr style=\"visibility: hidden; clear: both;\" \/>\n<div class=\"bloc_flottant\" style=\"width:230px; float:left; \" >\n<h3>&#8230;sur les revues<\/h3>\n<ul>\n<li style=\"text-align: justify;\"><a title=\"Un blogzine de (sciences-)fictions, un jardin dans lequel je me suis longuement promen\u00e9 et qui a donn\u00e9 lieu \u00e0 des \u00e9crits et des cr\u00e9ations que vous trouverez dans le labyrinthe\" href=\"http:\/\/fanesdecarottes.canalblog.com\/\" target=\"_blank\"> Fanes de carottes<\/a><br \/>\nUn blogzine de (sciences-)fictions, un jardin dans lequel je me suis longuement promen\u00e9 et qui a donn\u00e9 lieu \u00e0 des \u00e9crits et des cr\u00e9ations que vous trouverez dans le labyrinthe.<\/li>\n<li style=\"text-align: justify;\"><a href=\"http:\/\/www.editionsdelabatjour.com\/pages\/LAmpoule_revue_numerique-3910934.html\" target=\"_blank\">L&rsquo;ampoule<\/a><br \/>\nRevue num\u00e9rique \u00e9dit\u00e9e par les Editions l&rsquo;Abat-Jour et dirig\u00e9e par Marianne Dezrosiers<\/li>\n<li style=\"text-align: justify;\"><a title=\"Une revue d\u00e9di\u00e9e \u00e0 l\u2019\u00e9criture de nouvelles courtes, pour laquelle je pr\u00e9vois de participer de temps en temps\" href=\"http:\/\/www.nouvelles-courtes.com\/\" target=\"_blank\">Lu si\u2026<\/a><br \/>\nUne revue d\u00e9di\u00e9e \u00e0 l\u2019\u00e9criture de nouvelles courtes, pour laquelle je pr\u00e9vois de participer de temps en temps<\/li>\n<li style=\"text-align: justify;\"><a title=\"Une revue publiant des nouvelles et textes court.\" href=\"http:\/\/emmabovary33.over-blog.com\" target=\"_blank\">Pr&rsquo;Ose !<\/a><br \/>\nUne revue publiant des nouvelles et textes court.<\/li>\n<li style=\"text-align: justify;\"><a href=\"http:\/\/blackheraldpress.wordpress.com\/magazine\/\" target=\"_blank\">The Black Herald<\/a><br \/>\nUne revue bilingue et d&rsquo;horizons pluriels autour de textes (po\u00e9tiques, litt\u00e9raires, m\u00e9talitt\u00e9raires) incub\u00e9s <em>en dehors du monde \u00ab\u00a0publicitaire\u00a0\u00bb<\/em><\/li>\n<\/ul>\n<\/div>\n<div class=\"bloc_flottant\" style=\"width:230px; float:left; \" >\n<h3>&#8230;sur la musique<\/h3>\n<ul>\n<li style=\"text-align: justify;\"><a href=\"http:\/\/www.innerstory.fr\/\" target=\"_blank\">Inner story<\/a><br \/>\nL&rsquo;univers musical, pictural et po\u00e9tique de Berce, ma compagne depuis avant la naissance du monde.<\/li>\n<li style=\"text-align: justify;\"><a title=\"Le myspace de Nature, le groupe de musique de ma compagne C\u00e9cile Berthereau\u2026 Je suis fan de la premi\u00e8re heure\" href=\"http:\/\/www.myspace.com\/naturebx\" target=\"_blank\">Nature<\/a><br \/>\nLe myspace de Nature, le groupe de musique de ma compagne C\u00e9cile Berthereau\u2026<\/li>\n<\/ul>\n<\/div>\n<hr style=\"visibility: hidden; clear: both;\" \/>\n<div class=\"bloc_flottant\" style=\"width:230px; float:left; \" >\n<h3>&#8230;sur la traduction<\/h3>\n<ul>\n<li style=\"text-align: justify;\"><a href=\"http:\/\/christinejeanney.net\/spip.php?rubrique26\" target=\"_blank\">Les vagues de Virginia Woolf<\/a><br \/>\nPar Christine Jeanney<\/li>\n<li style=\"text-align: justify;\"><a href=\"http:\/\/fonsbandusiae.over-blog.com\/\" target=\"_blank\">Horace Virgile&#8230;<\/a><br \/>\nPar Danielle Carl\u00e8s<\/li>\n<\/ul>\n<\/div>\n<p>&nbsp;<\/p>\n<hr style=\"visibility: hidden; clear: both;\" \/>\n","protected":false},"excerpt":{"rendered":"<p>&#8230;autour de la lecture et de l&rsquo;\u00e9criture Le rendez-vous des vases communicants Le 1er vendredi du mois, chacun change et \u00e9change leurs lieux d&rsquo;\u00e9criture, leurs blogs, leur bacs \u00e0 sable&#8230; et comme rien ne se perd et que tout communique cela s&rsquo;appelle les vases communicants. De litteris Le blog d\u2019une lectrice passionn\u00e9e : on y [&hellip;]<\/p>\n","protected":false},"author":2,"featured_media":0,"parent":0,"menu_order":0,"comment_status":"open","ping_status":"open","template":"","meta":{"footnotes":""},"class_list":["post-2153","page","type-page","status-publish","hentry"],"_links":{"self":[{"href":"https:\/\/labyrinthiques.fr\/index.php?rest_route=\/wp\/v2\/pages\/2153","targetHints":{"allow":["GET"]}}],"collection":[{"href":"https:\/\/labyrinthiques.fr\/index.php?rest_route=\/wp\/v2\/pages"}],"about":[{"href":"https:\/\/labyrinthiques.fr\/index.php?rest_route=\/wp\/v2\/types\/page"}],"author":[{"embeddable":true,"href":"https:\/\/labyrinthiques.fr\/index.php?rest_route=\/wp\/v2\/users\/2"}],"replies":[{"embeddable":true,"href":"https:\/\/labyrinthiques.fr\/index.php?rest_route=%2Fwp%2Fv2%2Fcomments&post=2153"}],"version-history":[{"count":11,"href":"https:\/\/labyrinthiques.fr\/index.php?rest_route=\/wp\/v2\/pages\/2153\/revisions"}],"predecessor-version":[{"id":4664,"href":"https:\/\/labyrinthiques.fr\/index.php?rest_route=\/wp\/v2\/pages\/2153\/revisions\/4664"}],"wp:attachment":[{"href":"https:\/\/labyrinthiques.fr\/index.php?rest_route=%2Fwp%2Fv2%2Fmedia&parent=2153"}],"curies":[{"name":"wp","href":"https:\/\/api.w.org\/{rel}","templated":true}]}}